{"id":28,"date":"2022-11-03T10:43:04","date_gmt":"2022-11-03T10:43:04","guid":{"rendered":"https:\/\/www.alexanderschrei.com\/?page_id=28"},"modified":"2022-12-05T09:52:40","modified_gmt":"2022-12-05T09:52:40","slug":"uber-mich","status":"publish","type":"page","link":"https:\/\/www.alexanderschrei.com\/en\/uber-mich\/","title":{"rendered":"About Me"},"content":{"rendered":"<div class=\"wp-block-columns alignfull is-layout-flex wp-container-core-columns-is-layout-28f84493 wp-block-columns-is-layout-flex\">\n<div class=\"wp-block-column is-vertically-aligned-top is-layout-flow wp-block-column-is-layout-flow\">\n<div class=\"lyte-wrapper fourthree\" style=\"width:640px;max-width:100%;margin:5px;\"><div class=\"lyMe\" id=\"WYL_HHLgYq6jpJA\"><div id=\"lyte_HHLgYq6jpJA\" data-src=\"https:\/\/www.alexanderschrei.com\/wp-content\/plugins\/wp-youtube-lyte\/lyteCache.php?origThumbUrl=%2F%2Fi.ytimg.com%2Fvi%2FHHLgYq6jpJA%2Fhqdefault.jpg\" class=\"pL\"><div class=\"tC\"><div class=\"tT\"><\/div><\/div><div class=\"play\"><\/div><div class=\"ctrl\"><div class=\"Lctrl\"><\/div><div class=\"Rctrl\"><\/div><\/div><\/div><noscript><a href=\"https:\/\/youtu.be\/HHLgYq6jpJA\" rel=\"nofollow\"><img loading=\"lazy\" decoding=\"async\" src=\"https:\/\/www.alexanderschrei.com\/wp-content\/plugins\/wp-youtube-lyte\/lyteCache.php?origThumbUrl=https%3A%2F%2Fi.ytimg.com%2Fvi%2FHHLgYq6jpJA%2F0.jpg\" alt=\"YouTube video thumbnail\" width=\"640\" height=\"460\" \/><br \/>Watch this video on YouTube<\/a><\/noscript><\/div><\/div><div class=\"lL\" style=\"max-width:100%;width:640px;margin:5px;\"><\/div>\n\n\n\n<div class=\"lyte-wrapper fourthree\" style=\"width:640px;max-width:100%;margin:5px;\"><div class=\"lyMe\" id=\"WYL_s8XD_2bfBYk\"><div id=\"lyte_s8XD_2bfBYk\" data-src=\"https:\/\/www.alexanderschrei.com\/wp-content\/plugins\/wp-youtube-lyte\/lyteCache.php?origThumbUrl=%2F%2Fi.ytimg.com%2Fvi%2Fs8XD_2bfBYk%2Fhqdefault.jpg\" class=\"pL\"><div class=\"tC\"><div class=\"tT\"><\/div><\/div><div class=\"play\"><\/div><div class=\"ctrl\"><div class=\"Lctrl\"><\/div><div class=\"Rctrl\"><\/div><\/div><\/div><noscript><a href=\"https:\/\/youtu.be\/s8XD_2bfBYk\" rel=\"nofollow\"><img loading=\"lazy\" decoding=\"async\" src=\"https:\/\/www.alexanderschrei.com\/wp-content\/plugins\/wp-youtube-lyte\/lyteCache.php?origThumbUrl=https%3A%2F%2Fi.ytimg.com%2Fvi%2Fs8XD_2bfBYk%2F0.jpg\" alt=\"YouTube video thumbnail\" width=\"640\" height=\"460\" \/><br \/>Watch this video on YouTube<\/a><\/noscript><\/div><\/div><div class=\"lL\" style=\"max-width:100%;width:640px;margin:5px;\"><\/div>\n\n\n<style>.kb-image_0ade2b-cd .kb-image-has-overlay:after{opacity:0.3;}<\/style>\n<figure class=\"wp-block-kadence-image kb-image_0ade2b-cd size-large kb-image-is-ratio-size\"><div class=\"kb-is-ratio-image kb-image-ratio-land169\"><img loading=\"lazy\" decoding=\"async\" width=\"1024\" height=\"465\" src=\"https:\/\/www.alexanderschrei.com\/wp-content\/uploads\/2022\/11\/Drums1-1024x465.jpg\" alt=\"\" class=\"kb-img wp-image-575\" srcset=\"https:\/\/www.alexanderschrei.com\/wp-content\/uploads\/2022\/11\/Drums1-1024x465.jpg 1024w, https:\/\/www.alexanderschrei.com\/wp-content\/uploads\/2022\/11\/Drums1-300x136.jpg 300w, https:\/\/www.alexanderschrei.com\/wp-content\/uploads\/2022\/11\/Drums1-768x349.jpg 768w, https:\/\/www.alexanderschrei.com\/wp-content\/uploads\/2022\/11\/Drums1.jpg 1109w\" sizes=\"auto, (max-width: 1024px) 100vw, 1024px\" \/><\/div><\/figure>\n<\/div>\n\n\n\n<div class=\"wp-block-column is-vertically-aligned-top is-layout-flow wp-block-column-is-layout-flow\">\n<h2 class=\"has-black-color has-text-color wp-block-heading\">About Me<\/h2>\n\n\n\n<p class=\"has-text-align-left\">It was a sunny Friday in April in Vienna at lunchtime when, encouraged by the canteen bell, I came into this world. Shortly after, my family and I traveled back to London, where I would spend the first three years of my life, which explains my affinity for 'cucumber sandwiches and tea' as well as my red hair. <br>My first steps on a theatre stage were as Peter Pan, at only eleven years old. That day, I had two revelations: 1. I wanted to devote my life to acting and 2. I never wanted to grow up. The ladder, unfortunately, being inevitable, although not for a lack of trying, I was able to realize my dream of becoming an actor.<br>During my school years, I spent one year in Texas (United States of America) as part of a student exchange program. There, I acquired all the important Texan skills, such as riding, shooting and chewing tobacco. In addition to a brief tennis career and a silver medal for the JV tennis team, I played the Caterpillar in a production of \"Alice in Wonderland\" in various schools in the Houston area. Another production, with me in the lead role, was in the works, but could sadly not be performed as I moved to another town and thus went to a different school. I returned to Vienna with a four-hour delay and, much to the dismay of my family, a Mohawk hair cut and started my first punk band.<br>Music has been a big part of my life since childhood and it will always be an important artistic outlet for me.<br>At first, I was the drummer and singer of my band but the lack of spotlight behind the drums and the fact that I was responsible for at least two cardiac arrhythmias got me to reevaluate my place in the band. Since then I am the front man, singer and songwriter of my band <a href=\"https:\/\/www.alexanderschrei.com\/en\/stan_green\/\" data-type=\"URL\" data-id=\"https:\/\/www.alexanderschrei.com\/en\/stan_green\/\">\u201eStan Green\u201c<\/a>. Every once in a while I play guitar and am now solely responsible for heartbreaks.<br>But my first love is and always was acting. At the shooting of my first movie <a href=\"https:\/\/www.alexanderschrei.com\/en\/zehn-zwanig\/\" data-type=\"URL\" data-id=\"https:\/\/www.alexanderschrei.com\/en\/zehn-zwanig\/\">\u201eZehn.Zwanzig\u201c<\/a> encouraged me to enrolle in acting school.<br>There, I was able to graduate a year prior to my peers and have been a working actor for theatre, film and commercials since then.<\/p>\n\n\n\n<div style=\"height:60px\" aria-hidden=\"true\" class=\"wp-block-spacer\"><\/div>\n\n\n<style>.kb-image_3a55cd-5b .kb-image-has-overlay:after{opacity:0.3;}<\/style>\n<div class=\"wp-block-kadence-image kb-image_3a55cd-5b\"><figure class=\"aligncenter size-large kb-image-is-ratio-size\"><div class=\"kb-is-ratio-image kb-image-ratio-land169\"><img loading=\"lazy\" decoding=\"async\" width=\"1024\" height=\"493\" src=\"https:\/\/www.alexanderschrei.com\/wp-content\/uploads\/2022\/11\/St.Fight_aufbuehne-1024x493.jpg\" alt=\"St.Fight_aufbuehne\" class=\"kb-img wp-image-618\" srcset=\"https:\/\/www.alexanderschrei.com\/wp-content\/uploads\/2022\/11\/St.Fight_aufbuehne-1024x493.jpg 1024w, https:\/\/www.alexanderschrei.com\/wp-content\/uploads\/2022\/11\/St.Fight_aufbuehne-300x144.jpg 300w, https:\/\/www.alexanderschrei.com\/wp-content\/uploads\/2022\/11\/St.Fight_aufbuehne-768x370.jpg 768w, https:\/\/www.alexanderschrei.com\/wp-content\/uploads\/2022\/11\/St.Fight_aufbuehne.jpg 1211w\" sizes=\"auto, (max-width: 1024px) 100vw, 1024px\" \/><\/div><\/figure><\/div>\n<\/div>\n<\/div>\n\n\n\n<div class=\"wp-block-columns alignfull is-layout-flex wp-container-core-columns-is-layout-28f84493 wp-block-columns-is-layout-flex\">\n<div class=\"wp-block-column is-layout-flow wp-block-column-is-layout-flow\">\n<p><br><br><\/p>\n<\/div>\n<\/div>","protected":false},"excerpt":{"rendered":"<p>\u00dcber Mich An einem sonnigen Freitag im April in Wien erblickte ich, vom Klang der Kantinenglocke angespornt, zur Mittagszeit das Licht der Welt. Kurz nach diesem Freudentag, reiste meine Familie zur\u00fcck nach London, wo ich meine ersten drei Lebensjahre verbrachte, was meine Affinit\u00e4t f\u00fcr &#8218;Cucumber-Sandwiches and Tea&#8216;, sowie meine roten Haare erkl\u00e4rt. Mit elf Jahren [&hellip;]<\/p>\n","protected":false},"author":1,"featured_media":0,"parent":0,"menu_order":0,"comment_status":"closed","ping_status":"closed","template":"","meta":{"slim_seo":{"description":"Der Schauspieler, S\u00e4nger und Musiker Alexander Schrei stellt sich und seine Projekte vor.","title":"\u00dcber Mich - Alexander Schrei"},"footnotes":""},"class_list":["post-28","page","type-page","status-publish","hentry"],"blocksy_meta":{"styles_descriptor":{"styles":{"desktop":"","tablet":"","mobile":""},"google_fonts":[],"version":6},"page_title_panel":"","has_hero_section":"disabled","14f60eaa9752a88dfdca7159df9ef2bf":"","hero_section":"type-1","hero_elements":[{"id":"custom_title","enabled":true,"heading_tag":"h1","title":"Home"},{"id":"custom_description","enabled":true,"description_visibility":{"desktop":true,"tablet":true,"mobile":false}},{"id":"custom_meta","enabled":false,"meta_elements":[{"id":"author","enabled":true,"label":"By","has_author_avatar":"yes","avatar_size":25},{"id":"post_date","enabled":true,"label":"On","date_format_source":"default","date_format":"M j, Y"},{"id":"updated_date","enabled":false,"label":"On","date_format_source":"default","date_format":"M j, Y"},{"id":"categories","enabled":false,"label":"In","style":"simple"},{"id":"comments","enabled":true}],"page_meta_elements":{"joined":true,"articles_count":true,"comments":true}},{"id":"breadcrumbs","enabled":false}],"b7f2c39de363a2ad22ad6759428fbf7b":"","hero_alignment1":"CT_CSS_SKIP_RULE","hero_margin":40,"hero_alignment2":"center","hero_vertical_alignment":"center","af5e1a52200235a478ccac04de9b8dfe":"","hero_structure":"narrow","8b94bb53b38d9e0d520a789105f75dd6":"","page_title_bg_type":"featured_image","custom_hero_background":{"attachment_id":null},"page_title_image_size":"full","parallax":{"desktop":false,"tablet":false,"mobile":false},"3f9c1f37798e9b3edc7382071d7a1079":"","hero_height":"250px","pageTitleFont":{"family":"Default","variation":"Default","size":"30px","line-height":"CT_CSS_SKIP_RULE","letter-spacing":"CT_CSS_SKIP_RULE","text-transform":"CT_CSS_SKIP_RULE","text-decoration":"CT_CSS_SKIP_RULE"},"pageTitleFontColor":{"default":{"color":"CT_CSS_SKIP_RULEDEFAULT"}},"pageMetaFont":{"family":"Default","variation":"n6","size":"12px","line-height":"1.3","letter-spacing":"CT_CSS_SKIP_RULE","text-transform":"uppercase","text-decoration":"CT_CSS_SKIP_RULE"},"pageMetaFontColor":{"default":{"color":"CT_CSS_SKIP_RULEDEFAULT"},"hover":{"color":"CT_CSS_SKIP_RULEDEFAULT"}},"page_meta_button_type_font_colors":{"default":{"color":"CT_CSS_SKIP_RULEDEFAULT"},"hover":{"color":"CT_CSS_SKIP_RULEDEFAULT"}},"page_meta_button_type_background_colors":{"default":{"color":"CT_CSS_SKIP_RULEDEFAULT"},"hover":{"color":"CT_CSS_SKIP_RULEDEFAULT"}},"pageExcerptFont":{"family":"Default","variation":"Default","size":"CT_CSS_SKIP_RULE","line-height":"CT_CSS_SKIP_RULE","letter-spacing":"CT_CSS_SKIP_RULE","text-transform":"CT_CSS_SKIP_RULE","text-decoration":"CT_CSS_SKIP_RULE"},"pageExcerptColor":{"default":{"color":"CT_CSS_SKIP_RULEDEFAULT"}},"breadcrumbsFont":{"family":"Default","variation":"Default","size":"CT_CSS_SKIP_RULE","line-height":"CT_CSS_SKIP_RULE","letter-spacing":"CT_CSS_SKIP_RULE","text-transform":"CT_CSS_SKIP_RULE","text-decoration":"CT_CSS_SKIP_RULE"},"breadcrumbsFontColor":{"default":{"color":"CT_CSS_SKIP_RULEDEFAULT"},"initial":{"color":"CT_CSS_SKIP_RULEDEFAULT"},"hover":{"color":"CT_CSS_SKIP_RULEDEFAULT"}},"pageTitleOverlay":{"background_type":"color","background_pattern":"type-1","background_image":{"attachment_id":null,"x":0,"y":0},"gradient":"linear-gradient(135deg,rgba(6,147,227,1) 0%,rgb(155,81,224) 100%)","background_repeat":"repeat","background_size":"auto","background_attachment":"scroll","patternColor":{"default":{"color":"#e5e7ea"}},"overlayColor":{"default":{"color":"CT_CSS_SKIP_RULE"}},"backgroundColor":{"default":{"color":"CT_CSS_SKIP_RULE"}}},"pageTitleBackground":{"background_type":"color","background_pattern":"type-1","background_image":{"attachment_id":null,"x":0,"y":0},"gradient":"linear-gradient(135deg,rgba(6,147,227,1) 0%,rgb(155,81,224) 100%)","background_repeat":"repeat","background_size":"auto","background_attachment":"scroll","patternColor":{"default":{"color":"#e5e7ea"}},"overlayColor":{"default":{"color":"CT_CSS_SKIP_RULE"}},"backgroundColor":{"default":{"color":"var(--theme-palette-color-6)"}}},"pageTitlePadding":{"top":"50px","bottom":"50px","left":"auto","right":"auto","linked":true},"60057972c68d61333ff1505cb4cfa8b2":"","page_structure_type":"default","fe01527275d317640f671f06c63b89e6":"","content_style_source":"inherit","content_style":"wide","vertical_spacing_source":"inherit","content_area_spacing":"both","background":{"background_type":"color","background_pattern":"type-1","background_image":{"attachment_id":null,"x":0,"y":0},"gradient":"linear-gradient(135deg,rgba(6,147,227,1) 0%,rgb(155,81,224) 100%)","background_repeat":"repeat","background_size":"auto","background_attachment":"scroll","patternColor":{"default":{"color":"#e5e7ea"}},"overlayColor":{"default":{"color":"CT_CSS_SKIP_RULE"}},"backgroundColor":{"default":{"color":"CT_CSS_SKIP_RULE"}}},"content_background":{"background_type":"color","background_pattern":"type-1","background_image":{"attachment_id":null,"x":0,"y":0},"gradient":"linear-gradient(135deg,rgba(6,147,227,1) 0%,rgb(155,81,224) 100%)","background_repeat":"repeat","background_size":"auto","background_attachment":"scroll","patternColor":{"default":{"color":"#e5e7ea"}},"overlayColor":{"default":{"color":"CT_CSS_SKIP_RULE"}},"backgroundColor":{"default":{"color":"var(--theme-palette-color-8)"}}},"content_boxed_shadow":{"inherit":false,"blur":18,"spread":-6,"v_offset":12,"h_offset":0,"inset":false,"enable":true,"color":{"color":"rgba(34, 56, 101, 0.04)"}},"content_boxed_border":{"width":1,"style":"none","color":{"color":"rgba(44,62,80,0.2)"}},"content_boxed_radius":{"top":"3px","bottom":"3px","left":"3px","right":"3px","linked":true},"boxed_content_spacing":{"desktop":{"top":"40px","bottom":"40px","left":"40px","right":"40px","linked":true},"tablet":{"top":"35px","bottom":"35px","left":"35px","right":"35px","linked":true},"mobile":{"top":"20px","bottom":"20px","left":"20px","right":"20px","linked":true}},"182d11ec851e6ae2219188213e55b9fe":"","disable_featured_image":"no","disable_share_box":"no","disable_header":"no","disable_footer":"no"},"_links":{"self":[{"href":"https:\/\/www.alexanderschrei.com\/en\/wp-json\/wp\/v2\/pages\/28","targetHints":{"allow":["GET"]}}],"collection":[{"href":"https:\/\/www.alexanderschrei.com\/en\/wp-json\/wp\/v2\/pages"}],"about":[{"href":"https:\/\/www.alexanderschrei.com\/en\/wp-json\/wp\/v2\/types\/page"}],"author":[{"embeddable":true,"href":"https:\/\/www.alexanderschrei.com\/en\/wp-json\/wp\/v2\/users\/1"}],"replies":[{"embeddable":true,"href":"https:\/\/www.alexanderschrei.com\/en\/wp-json\/wp\/v2\/comments?post=28"}],"version-history":[{"count":172,"href":"https:\/\/www.alexanderschrei.com\/en\/wp-json\/wp\/v2\/pages\/28\/revisions"}],"predecessor-version":[{"id":1039,"href":"https:\/\/www.alexanderschrei.com\/en\/wp-json\/wp\/v2\/pages\/28\/revisions\/1039"}],"wp:attachment":[{"href":"https:\/\/www.alexanderschrei.com\/en\/wp-json\/wp\/v2\/media?parent=28"}],"curies":[{"name":"wp","href":"https:\/\/api.w.org\/{rel}","templated":true}]}}